{"id":105811,"date":"2024-06-06T15:38:47","date_gmt":"2024-06-06T15:38:47","guid":{"rendered":"http:\/\/universidadisep.com\/?page_id=105811"},"modified":"2026-02-18T16:54:01","modified_gmt":"2026-02-18T23:54:01","slug":"maestrias-en-terapia-del-lenguaje","status":"publish","type":"page","link":"https:\/\/universidadisep.com\/mx\/maestrias\/maestrias-en-terapia-del-lenguaje\/","title":{"rendered":"Maestr\u00edas en Terapia del Lenguaje"},"content":{"rendered":"","protected":false},"excerpt":{"rendered":"<p>Maestr\u00eda en Patolog\u00edas del Lenguaje y Habla Online. RVOE y T\u00edtulo Propio Europeo. Diagnostica e interviene en trastornos de comunicaci\u00f3n. Pr\u00e1cticas incluidas.<\/p>\n","protected":false},"author":748,"featured_media":0,"parent":733,"menu_order":1,"comment_status":"closed","ping_status":"closed","template":"page-grid-formaciones.php","meta":{"_lmt_disableupdate":"no","_lmt_disable":"","footnotes":""},"class_list":["post-105811","page","type-page","status-publish","hentry"],"_links":{"self":[{"href":"https:\/\/universidadisep.com\/mx\/wp-json\/wp\/v2\/pages\/105811","targetHints":{"allow":["GET"]}}],"collection":[{"href":"https:\/\/universidadisep.com\/mx\/wp-json\/wp\/v2\/pages"}],"about":[{"href":"https:\/\/universidadisep.com\/mx\/wp-json\/wp\/v2\/types\/page"}],"author":[{"embeddable":true,"href":"https:\/\/universidadisep.com\/mx\/wp-json\/wp\/v2\/users\/748"}],"replies":[{"embeddable":true,"href":"https:\/\/universidadisep.com\/mx\/wp-json\/wp\/v2\/comments?post=105811"}],"version-history":[{"count":1,"href":"https:\/\/universidadisep.com\/mx\/wp-json\/wp\/v2\/pages\/105811\/revisions"}],"predecessor-version":[{"id":254074,"href":"https:\/\/universidadisep.com\/mx\/wp-json\/wp\/v2\/pages\/105811\/revisions\/254074"}],"up":[{"embeddable":true,"href":"https:\/\/universidadisep.com\/mx\/wp-json\/wp\/v2\/pages\/733"}],"wp:attachment":[{"href":"https:\/\/universidadisep.com\/mx\/wp-json\/wp\/v2\/media?parent=105811"}],"curies":[{"name":"wp","href":"https:\/\/api.w.org\/{rel}","templated":true}]}}