{"id":7232,"date":"2024-06-06T15:38:47","date_gmt":"2024-06-06T15:38:47","guid":{"rendered":"http:\/\/universidadisep.com\/?page_id=7232"},"modified":"2026-02-18T16:54:08","modified_gmt":"2026-02-18T23:54:08","slug":"educacion","status":"publish","type":"page","link":"https:\/\/universidadisep.com\/mx\/maestrias\/educacion\/","title":{"rendered":"Maestr\u00edas Educaci\u00f3n"},"content":{"rendered":"","protected":false},"excerpt":{"rendered":"<p>Maestr\u00eda en Educaci\u00f3n Online con RVOE y T\u00edtulo Propio Europeo. Innova en el aula con t\u00e9cnicas de Neuroeducaci\u00f3n. Ideal para docentes que buscan ascenso y puntaje.<\/p>\n","protected":false},"author":748,"featured_media":0,"parent":733,"menu_order":1,"comment_status":"closed","ping_status":"closed","template":"page-grid-formaciones.php","meta":{"_lmt_disableupdate":"no","_lmt_disable":"","footnotes":""},"class_list":["post-7232","page","type-page","status-publish","hentry"],"_links":{"self":[{"href":"https:\/\/universidadisep.com\/mx\/wp-json\/wp\/v2\/pages\/7232","targetHints":{"allow":["GET"]}}],"collection":[{"href":"https:\/\/universidadisep.com\/mx\/wp-json\/wp\/v2\/pages"}],"about":[{"href":"https:\/\/universidadisep.com\/mx\/wp-json\/wp\/v2\/types\/page"}],"author":[{"embeddable":true,"href":"https:\/\/universidadisep.com\/mx\/wp-json\/wp\/v2\/users\/748"}],"replies":[{"embeddable":true,"href":"https:\/\/universidadisep.com\/mx\/wp-json\/wp\/v2\/comments?post=7232"}],"version-history":[{"count":1,"href":"https:\/\/universidadisep.com\/mx\/wp-json\/wp\/v2\/pages\/7232\/revisions"}],"predecessor-version":[{"id":254099,"href":"https:\/\/universidadisep.com\/mx\/wp-json\/wp\/v2\/pages\/7232\/revisions\/254099"}],"up":[{"embeddable":true,"href":"https:\/\/universidadisep.com\/mx\/wp-json\/wp\/v2\/pages\/733"}],"wp:attachment":[{"href":"https:\/\/universidadisep.com\/mx\/wp-json\/wp\/v2\/media?parent=7232"}],"curies":[{"name":"wp","href":"https:\/\/api.w.org\/{rel}","templated":true}]}}