{"id":7304,"date":"2024-06-06T15:38:47","date_gmt":"2024-06-06T15:38:47","guid":{"rendered":"http:\/\/universidadisep.com\/?page_id=7304"},"modified":"2026-02-18T16:54:05","modified_gmt":"2026-02-18T23:54:05","slug":"neurociencias","status":"publish","type":"page","link":"https:\/\/universidadisep.com\/mx\/maestrias\/neurociencias\/","title":{"rendered":"Maestr\u00edas Neurociencias"},"content":{"rendered":"","protected":false},"excerpt":{"rendered":"<p>Especial\u00edzate en Neurociencias y Neuropsicolog\u00eda. Formaci\u00f3n Online flexible con Doble T\u00edtulo (RVOE + Propio Europeo). Aprende de expertos internacionales.<\/p>\n","protected":false},"author":748,"featured_media":0,"parent":733,"menu_order":1,"comment_status":"closed","ping_status":"closed","template":"page-grid-formaciones.php","meta":{"_lmt_disableupdate":"no","_lmt_disable":"","footnotes":""},"class_list":["post-7304","page","type-page","status-publish","hentry"],"_links":{"self":[{"href":"https:\/\/universidadisep.com\/mx\/wp-json\/wp\/v2\/pages\/7304","targetHints":{"allow":["GET"]}}],"collection":[{"href":"https:\/\/universidadisep.com\/mx\/wp-json\/wp\/v2\/pages"}],"about":[{"href":"https:\/\/universidadisep.com\/mx\/wp-json\/wp\/v2\/types\/page"}],"author":[{"embeddable":true,"href":"https:\/\/universidadisep.com\/mx\/wp-json\/wp\/v2\/users\/748"}],"replies":[{"embeddable":true,"href":"https:\/\/universidadisep.com\/mx\/wp-json\/wp\/v2\/comments?post=7304"}],"version-history":[{"count":1,"href":"https:\/\/universidadisep.com\/mx\/wp-json\/wp\/v2\/pages\/7304\/revisions"}],"predecessor-version":[{"id":254082,"href":"https:\/\/universidadisep.com\/mx\/wp-json\/wp\/v2\/pages\/7304\/revisions\/254082"}],"up":[{"embeddable":true,"href":"https:\/\/universidadisep.com\/mx\/wp-json\/wp\/v2\/pages\/733"}],"wp:attachment":[{"href":"https:\/\/universidadisep.com\/mx\/wp-json\/wp\/v2\/media?parent=7304"}],"curies":[{"name":"wp","href":"https:\/\/api.w.org\/{rel}","templated":true}]}}